{"id":14866,"date":"2023-02-15T19:53:34","date_gmt":"2023-02-15T19:53:34","guid":{"rendered":"https:\/\/drlawyer.com\/espanol\/?page_id=14866"},"modified":"2023-04-26T20:11:42","modified_gmt":"2023-04-26T20:11:42","slug":"extractos-de-jurisprudencia","status":"publish","type":"page","link":"https:\/\/drlawyer.com\/espanol\/extractos-de-jurisprudencia\/","title":{"rendered":"Extractos de jurisprudencia"},"content":{"rendered":"<p>A continuaci\u00f3n presentamos extractos de jurisprudencia en materia civil, comercial e inmobiliaria de decisiones dictadas por la Suprema Corte de Justicia y el Tribunal Constitucional de la Rep\u00fablica Dominicana a partir de enero de 2022.<\/p>\n<p>Las jurisprudencias anteriores al a\u00f1o 2022 han sido resumidas por don Fabio Guzm\u00e1n Ariza, presidente de la firma, en su obra <em>Repertorio de la jurisprudencia civil, comercial e inmobiliaria de la Rep\u00fablica Dominicana (1908-2021)<\/em>.<\/p>\n","protected":false},"excerpt":{"rendered":"<p>A continuaci\u00f3n presentamos extractos de jurisprudencia en materia civil, comercial e inmobiliaria de decisiones dictadas por la Suprema Corte de Justicia y el Tribunal Constitucional&hellip;<\/p>\n","protected":false},"author":1001017,"featured_media":0,"parent":0,"menu_order":0,"comment_status":"closed","ping_status":"closed","template":"","meta":[],"yoast_head":"<!-- This site is optimized with the Yoast SEO plugin v17.0 - https:\/\/yoast.com\/wordpress\/plugins\/seo\/ -->\n<title>Guzm\u00e1n Ariza | La Mejor Firma de Abogados en la Rep\u00fablica Dominicana<\/title>\n<meta name=\"robots\" content=\"noindex, follow\" \/>\n<meta property=\"og:locale\" content=\"es_ES\" \/>\n<meta property=\"og:type\" content=\"article\" \/>\n<meta property=\"og:title\" content=\"Guzm\u00e1n Ariza | La Mejor Firma de Abogados en la Rep\u00fablica Dominicana\" \/>\n<meta property=\"og:description\" content=\"A continuaci\u00f3n presentamos extractos de jurisprudencia en materia civil, comercial e inmobiliaria de decisiones dictadas por la Suprema Corte de Justicia y el Tribunal Constitucional&hellip;\" \/>\n<meta property=\"og:url\" content=\"https:\/\/drlawyer.com\/espanol\/extractos-de-jurisprudencia\/\" \/>\n<meta property=\"og:site_name\" content=\"Guzm\u00e1n Ariza | La Mejor Firma de Abogados en la Rep\u00fablica Dominicana\" \/>\n<meta property=\"article:modified_time\" content=\"2023-04-26T20:11:42+00:00\" \/>\n<script type=\"application\/ld+json\" class=\"yoast-schema-graph\">{\"@context\":\"https:\/\/schema.org\",\"@graph\":[{\"@type\":\"WebSite\",\"@id\":\"https:\/\/drlawyer.com\/espanol\/#website\",\"url\":\"https:\/\/drlawyer.com\/espanol\/\",\"name\":\"Guzm\\u00e1n Ariza | La Mejor Firma de Abogados en la Rep\\u00fablica Dominicana\",\"description\":\"Guzm\\u00e1n Ariza es una firma de abogados, reconocida internacionalmente, que provee asesoramiento de calidad en todas las \\u00e1reas del derecho a clientes nacionales e internacionales en la Rep\\u00fablica Dominicana.\",\"potentialAction\":[{\"@type\":\"SearchAction\",\"target\":{\"@type\":\"EntryPoint\",\"urlTemplate\":\"https:\/\/drlawyer.com\/espanol\/?s={search_term_string}\"},\"query-input\":\"required name=search_term_string\"}],\"inLanguage\":\"es\"},{\"@type\":\"WebPage\",\"@id\":\"https:\/\/drlawyer.com\/espanol\/extractos-de-jurisprudencia\/#webpage\",\"url\":\"https:\/\/drlawyer.com\/espanol\/extractos-de-jurisprudencia\/\",\"name\":\"Guzm\\u00e1n Ariza | La Mejor Firma de Abogados en la Rep\\u00fablica Dominicana\",\"isPartOf\":{\"@id\":\"https:\/\/drlawyer.com\/espanol\/#website\"},\"datePublished\":\"2023-02-15T19:53:34+00:00\",\"dateModified\":\"2023-04-26T20:11:42+00:00\",\"breadcrumb\":{\"@id\":\"https:\/\/drlawyer.com\/espanol\/extractos-de-jurisprudencia\/#breadcrumb\"},\"inLanguage\":\"es\",\"potentialAction\":[{\"@type\":\"ReadAction\",\"target\":[\"https:\/\/drlawyer.com\/espanol\/extractos-de-jurisprudencia\/\"]}]},{\"@type\":\"BreadcrumbList\",\"@id\":\"https:\/\/drlawyer.com\/espanol\/extractos-de-jurisprudencia\/#breadcrumb\",\"itemListElement\":[{\"@type\":\"ListItem\",\"position\":1,\"name\":\"Home\",\"item\":\"https:\/\/drlawyer.com\/espanol\/\"},{\"@type\":\"ListItem\",\"position\":2,\"name\":\"Extractos de jurisprudencia\"}]}]}<\/script>\n<!-- \/ Yoast SEO plugin. -->","yoast_head_json":{"title":"Guzm\u00e1n Ariza | La Mejor Firma de Abogados en la Rep\u00fablica Dominicana","robots":{"index":"noindex","follow":"follow"},"og_locale":"es_ES","og_type":"article","og_title":"Guzm\u00e1n Ariza | La Mejor Firma de Abogados en la Rep\u00fablica Dominicana","og_description":"A continuaci\u00f3n presentamos extractos de jurisprudencia en materia civil, comercial e inmobiliaria de decisiones dictadas por la Suprema Corte de Justicia y el Tribunal Constitucional&hellip;","og_url":"https:\/\/drlawyer.com\/espanol\/extractos-de-jurisprudencia\/","og_site_name":"Guzm\u00e1n Ariza | La Mejor Firma de Abogados en la Rep\u00fablica Dominicana","article_modified_time":"2023-04-26T20:11:42+00:00","schema":{"@context":"https:\/\/schema.org","@graph":[{"@type":"WebSite","@id":"https:\/\/drlawyer.com\/espanol\/#website","url":"https:\/\/drlawyer.com\/espanol\/","name":"Guzm\u00e1n Ariza | La Mejor Firma de Abogados en la Rep\u00fablica Dominicana","description":"Guzm\u00e1n Ariza es una firma de abogados, reconocida internacionalmente, que provee asesoramiento de calidad en todas las \u00e1reas del derecho a clientes nacionales e internacionales en la Rep\u00fablica Dominicana.","potentialAction":[{"@type":"SearchAction","target":{"@type":"EntryPoint","urlTemplate":"https:\/\/drlawyer.com\/espanol\/?s={search_term_string}"},"query-input":"required name=search_term_string"}],"inLanguage":"es"},{"@type":"WebPage","@id":"https:\/\/drlawyer.com\/espanol\/extractos-de-jurisprudencia\/#webpage","url":"https:\/\/drlawyer.com\/espanol\/extractos-de-jurisprudencia\/","name":"Guzm\u00e1n Ariza | La Mejor Firma de Abogados en la Rep\u00fablica Dominicana","isPartOf":{"@id":"https:\/\/drlawyer.com\/espanol\/#website"},"datePublished":"2023-02-15T19:53:34+00:00","dateModified":"2023-04-26T20:11:42+00:00","breadcrumb":{"@id":"https:\/\/drlawyer.com\/espanol\/extractos-de-jurisprudencia\/#breadcrumb"},"inLanguage":"es","potentialAction":[{"@type":"ReadAction","target":["https:\/\/drlawyer.com\/espanol\/extractos-de-jurisprudencia\/"]}]},{"@type":"BreadcrumbList","@id":"https:\/\/drlawyer.com\/espanol\/extractos-de-jurisprudencia\/#breadcrumb","itemListElement":[{"@type":"ListItem","position":1,"name":"Home","item":"https:\/\/drlawyer.com\/espanol\/"},{"@type":"ListItem","position":2,"name":"Extractos de jurisprudencia"}]}]}},"_links":{"self":[{"href":"https:\/\/drlawyer.com\/espanol\/wp-json\/wp\/v2\/pages\/14866"}],"collection":[{"href":"https:\/\/drlawyer.com\/espanol\/wp-json\/wp\/v2\/pages"}],"about":[{"href":"https:\/\/drlawyer.com\/espanol\/wp-json\/wp\/v2\/types\/page"}],"author":[{"embeddable":true,"href":"https:\/\/drlawyer.com\/espanol\/wp-json\/wp\/v2\/users\/1001017"}],"replies":[{"embeddable":true,"href":"https:\/\/drlawyer.com\/espanol\/wp-json\/wp\/v2\/comments?post=14866"}],"version-history":[{"count":9,"href":"https:\/\/drlawyer.com\/espanol\/wp-json\/wp\/v2\/pages\/14866\/revisions"}],"predecessor-version":[{"id":14894,"href":"https:\/\/drlawyer.com\/espanol\/wp-json\/wp\/v2\/pages\/14866\/revisions\/14894"}],"wp:attachment":[{"href":"https:\/\/drlawyer.com\/espanol\/wp-json\/wp\/v2\/media?parent=14866"}],"curies":[{"name":"wp","href":"https:\/\/api.w.org\/{rel}","templated":true}]}}