{"id":15362,"date":"2025-01-26T20:52:32","date_gmt":"2025-01-26T20:52:32","guid":{"rendered":"https:\/\/drlawyer.com\/espanol\/?page_id=15362"},"modified":"2025-01-27T02:12:43","modified_gmt":"2025-01-27T02:12:43","slug":"compra-inmuebles-en-la-republica-dominicana","status":"publish","type":"page","link":"https:\/\/drlawyer.com\/espanol\/compra-inmuebles-en-la-republica-dominicana\/","title":{"rendered":"Compra Inmuebles en La Rep\u00fablica Dominicana"},"content":{"rendered":"","protected":false},"excerpt":{"rendered":"","protected":false},"author":1001017,"featured_media":0,"parent":0,"menu_order":0,"comment_status":"closed","ping_status":"closed","template":"","meta":[],"yoast_head":"<!-- This site is optimized with the Yoast SEO plugin v17.0 - https:\/\/yoast.com\/wordpress\/plugins\/seo\/ -->\n<title>Guzm\u00e1n Ariza | La Mejor Firma de Abogados en la Rep\u00fablica Dominicana<\/title>\n<meta name=\"robots\" content=\"noindex, follow\" \/>\n<meta property=\"og:locale\" content=\"es_ES\" \/>\n<meta property=\"og:type\" content=\"article\" \/>\n<meta property=\"og:title\" content=\"Guzm\u00e1n Ariza | La Mejor Firma de Abogados en la Rep\u00fablica Dominicana\" \/>\n<meta property=\"og:url\" content=\"https:\/\/drlawyer.com\/espanol\/compra-inmuebles-en-la-republica-dominicana\/\" \/>\n<meta property=\"og:site_name\" content=\"Guzm\u00e1n Ariza | La Mejor Firma de Abogados en la Rep\u00fablica Dominicana\" \/>\n<meta property=\"article:modified_time\" content=\"2025-01-27T02:12:43+00:00\" \/>\n<script type=\"application\/ld+json\" class=\"yoast-schema-graph\">{\"@context\":\"https:\/\/schema.org\",\"@graph\":[{\"@type\":\"WebSite\",\"@id\":\"https:\/\/drlawyer.com\/espanol\/#website\",\"url\":\"https:\/\/drlawyer.com\/espanol\/\",\"name\":\"Guzm\\u00e1n Ariza | La Mejor Firma de Abogados en la Rep\\u00fablica Dominicana\",\"description\":\"Guzm\\u00e1n Ariza es una firma de abogados, reconocida internacionalmente, que provee asesoramiento de calidad en todas las \\u00e1reas del derecho a clientes nacionales e internacionales en la Rep\\u00fablica Dominicana.\",\"potentialAction\":[{\"@type\":\"SearchAction\",\"target\":{\"@type\":\"EntryPoint\",\"urlTemplate\":\"https:\/\/drlawyer.com\/espanol\/?s={search_term_string}\"},\"query-input\":\"required name=search_term_string\"}],\"inLanguage\":\"es\"},{\"@type\":\"WebPage\",\"@id\":\"https:\/\/drlawyer.com\/espanol\/compra-inmuebles-en-la-republica-dominicana\/#webpage\",\"url\":\"https:\/\/drlawyer.com\/espanol\/compra-inmuebles-en-la-republica-dominicana\/\",\"name\":\"Guzm\\u00e1n Ariza | La Mejor Firma de Abogados en la Rep\\u00fablica Dominicana\",\"isPartOf\":{\"@id\":\"https:\/\/drlawyer.com\/espanol\/#website\"},\"datePublished\":\"2025-01-26T20:52:32+00:00\",\"dateModified\":\"2025-01-27T02:12:43+00:00\",\"breadcrumb\":{\"@id\":\"https:\/\/drlawyer.com\/espanol\/compra-inmuebles-en-la-republica-dominicana\/#breadcrumb\"},\"inLanguage\":\"es\",\"potentialAction\":[{\"@type\":\"ReadAction\",\"target\":[\"https:\/\/drlawyer.com\/espanol\/compra-inmuebles-en-la-republica-dominicana\/\"]}]},{\"@type\":\"BreadcrumbList\",\"@id\":\"https:\/\/drlawyer.com\/espanol\/compra-inmuebles-en-la-republica-dominicana\/#breadcrumb\",\"itemListElement\":[{\"@type\":\"ListItem\",\"position\":1,\"name\":\"Home\",\"item\":\"https:\/\/drlawyer.com\/espanol\/\"},{\"@type\":\"ListItem\",\"position\":2,\"name\":\"Compra Inmuebles en La Rep\\u00fablica Dominicana\"}]}]}<\/script>\n<!-- \/ Yoast SEO plugin. -->","yoast_head_json":{"title":"Guzm\u00e1n Ariza | La Mejor Firma de Abogados en la Rep\u00fablica Dominicana","robots":{"index":"noindex","follow":"follow"},"og_locale":"es_ES","og_type":"article","og_title":"Guzm\u00e1n Ariza | La Mejor Firma de Abogados en la Rep\u00fablica Dominicana","og_url":"https:\/\/drlawyer.com\/espanol\/compra-inmuebles-en-la-republica-dominicana\/","og_site_name":"Guzm\u00e1n Ariza | La Mejor Firma de Abogados en la Rep\u00fablica Dominicana","article_modified_time":"2025-01-27T02:12:43+00:00","schema":{"@context":"https:\/\/schema.org","@graph":[{"@type":"WebSite","@id":"https:\/\/drlawyer.com\/espanol\/#website","url":"https:\/\/drlawyer.com\/espanol\/","name":"Guzm\u00e1n Ariza | La Mejor Firma de Abogados en la Rep\u00fablica Dominicana","description":"Guzm\u00e1n Ariza es una firma de abogados, reconocida internacionalmente, que provee asesoramiento de calidad en todas las \u00e1reas del derecho a clientes nacionales e internacionales en la Rep\u00fablica Dominicana.","potentialAction":[{"@type":"SearchAction","target":{"@type":"EntryPoint","urlTemplate":"https:\/\/drlawyer.com\/espanol\/?s={search_term_string}"},"query-input":"required name=search_term_string"}],"inLanguage":"es"},{"@type":"WebPage","@id":"https:\/\/drlawyer.com\/espanol\/compra-inmuebles-en-la-republica-dominicana\/#webpage","url":"https:\/\/drlawyer.com\/espanol\/compra-inmuebles-en-la-republica-dominicana\/","name":"Guzm\u00e1n Ariza | La Mejor Firma de Abogados en la Rep\u00fablica Dominicana","isPartOf":{"@id":"https:\/\/drlawyer.com\/espanol\/#website"},"datePublished":"2025-01-26T20:52:32+00:00","dateModified":"2025-01-27T02:12:43+00:00","breadcrumb":{"@id":"https:\/\/drlawyer.com\/espanol\/compra-inmuebles-en-la-republica-dominicana\/#breadcrumb"},"inLanguage":"es","potentialAction":[{"@type":"ReadAction","target":["https:\/\/drlawyer.com\/espanol\/compra-inmuebles-en-la-republica-dominicana\/"]}]},{"@type":"BreadcrumbList","@id":"https:\/\/drlawyer.com\/espanol\/compra-inmuebles-en-la-republica-dominicana\/#breadcrumb","itemListElement":[{"@type":"ListItem","position":1,"name":"Home","item":"https:\/\/drlawyer.com\/espanol\/"},{"@type":"ListItem","position":2,"name":"Compra Inmuebles en La Rep\u00fablica Dominicana"}]}]}},"_links":{"self":[{"href":"https:\/\/drlawyer.com\/espanol\/wp-json\/wp\/v2\/pages\/15362"}],"collection":[{"href":"https:\/\/drlawyer.com\/espanol\/wp-json\/wp\/v2\/pages"}],"about":[{"href":"https:\/\/drlawyer.com\/espanol\/wp-json\/wp\/v2\/types\/page"}],"author":[{"embeddable":true,"href":"https:\/\/drlawyer.com\/espanol\/wp-json\/wp\/v2\/users\/1001017"}],"replies":[{"embeddable":true,"href":"https:\/\/drlawyer.com\/espanol\/wp-json\/wp\/v2\/comments?post=15362"}],"version-history":[{"count":1,"href":"https:\/\/drlawyer.com\/espanol\/wp-json\/wp\/v2\/pages\/15362\/revisions"}],"predecessor-version":[{"id":15363,"href":"https:\/\/drlawyer.com\/espanol\/wp-json\/wp\/v2\/pages\/15362\/revisions\/15363"}],"wp:attachment":[{"href":"https:\/\/drlawyer.com\/espanol\/wp-json\/wp\/v2\/media?parent=15362"}],"curies":[{"name":"wp","href":"https:\/\/api.w.org\/{rel}","templated":true}]}}