{"id":3780,"date":"2013-06-19T20:29:04","date_gmt":"2013-06-19T20:29:04","guid":{"rendered":"https:\/\/drlawyer.com\/espanol\/?page_id=9"},"modified":"2022-03-10T16:12:34","modified_gmt":"2022-03-10T16:12:34","slug":"empleo","status":"publish","type":"page","link":"https:\/\/drlawyer.com\/espanol\/empleo\/","title":{"rendered":"Empleos"},"content":{"rendered":"<h3 style=\"color: #014073;\" data-darkreader-inline-color=\"\"><span style=\"color: #003366;\" data-darkreader-inline-color=\"\">\u00bfInteresado en trabajar en Guzm\u00e1n Ariza?<\/span><\/h3>\n<p>Nos enorgullece contar con un equipo de abogados altamente calificados, asistentes legales y personal de apoyo comprometidos con crecer profesionalmente.<\/p>\n<p>Somos una firma de abogados con oficinas en toda la Rep\u00fablica Dominicana, donde ofrecemos a nuestros empleados la oportunidad de ser parte de un entorno de trabajo desafiante pero gratificante.<\/p>\n<p>Si desea formar parte de Guzm\u00e1n Ariza, por favor env\u00edenos un correo electr\u00f3nico con su hoja de vida a la direcci\u00f3n <a href=\"mailto:empleos@drlawyer.com\">empleos@drlawyer.com<\/a><\/p>\n","protected":false},"excerpt":{"rendered":"<p>Nos enorgullece contar con un equipo de abogados altamente calificados, asistentes legales y personal de apoyo comprometidos con crecer profesionalmente. Somos una firma de abogados&hellip;<\/p>\n","protected":false},"author":2,"featured_media":0,"parent":0,"menu_order":0,"comment_status":"closed","ping_status":"closed","template":"","meta":[],"yoast_head":"<!-- This site is optimized with the Yoast SEO plugin v17.0 - https:\/\/yoast.com\/wordpress\/plugins\/seo\/ -->\n<title>Guzm\u00e1n Ariza | La Mejor Firma de Abogados en la Rep\u00fablica Dominicana<\/title>\n<meta name=\"robots\" content=\"noindex, follow\" \/>\n<meta property=\"og:locale\" content=\"es_ES\" \/>\n<meta property=\"og:type\" content=\"article\" \/>\n<meta property=\"og:title\" content=\"Guzm\u00e1n Ariza | La Mejor Firma de Abogados en la Rep\u00fablica Dominicana\" \/>\n<meta property=\"og:description\" content=\"Nos enorgullece contar con un equipo de abogados altamente calificados, asistentes legales y personal de apoyo comprometidos con crecer profesionalmente. Somos una firma de abogados&hellip;\" \/>\n<meta property=\"og:url\" content=\"https:\/\/drlawyer.com\/espanol\/empleo\/\" \/>\n<meta property=\"og:site_name\" content=\"Guzm\u00e1n Ariza | La Mejor Firma de Abogados en la Rep\u00fablica Dominicana\" \/>\n<meta property=\"article:modified_time\" content=\"2022-03-10T16:12:34+00:00\" \/>\n<script type=\"application\/ld+json\" class=\"yoast-schema-graph\">{\"@context\":\"https:\/\/schema.org\",\"@graph\":[{\"@type\":\"WebSite\",\"@id\":\"https:\/\/drlawyer.com\/espanol\/#website\",\"url\":\"https:\/\/drlawyer.com\/espanol\/\",\"name\":\"Guzm\\u00e1n Ariza | La Mejor Firma de Abogados en la Rep\\u00fablica Dominicana\",\"description\":\"Guzm\\u00e1n Ariza es una firma de abogados, reconocida internacionalmente, que provee asesoramiento de calidad en todas las \\u00e1reas del derecho a clientes nacionales e internacionales en la Rep\\u00fablica Dominicana.\",\"potentialAction\":[{\"@type\":\"SearchAction\",\"target\":{\"@type\":\"EntryPoint\",\"urlTemplate\":\"https:\/\/drlawyer.com\/espanol\/?s={search_term_string}\"},\"query-input\":\"required name=search_term_string\"}],\"inLanguage\":\"es\"},{\"@type\":\"WebPage\",\"@id\":\"https:\/\/drlawyer.com\/espanol\/empleo\/#webpage\",\"url\":\"https:\/\/drlawyer.com\/espanol\/empleo\/\",\"name\":\"Guzm\\u00e1n Ariza | La Mejor Firma de Abogados en la Rep\\u00fablica Dominicana\",\"isPartOf\":{\"@id\":\"https:\/\/drlawyer.com\/espanol\/#website\"},\"datePublished\":\"2013-06-19T20:29:04+00:00\",\"dateModified\":\"2022-03-10T16:12:34+00:00\",\"breadcrumb\":{\"@id\":\"https:\/\/drlawyer.com\/espanol\/empleo\/#breadcrumb\"},\"inLanguage\":\"es\",\"potentialAction\":[{\"@type\":\"ReadAction\",\"target\":[\"https:\/\/drlawyer.com\/espanol\/empleo\/\"]}]},{\"@type\":\"BreadcrumbList\",\"@id\":\"https:\/\/drlawyer.com\/espanol\/empleo\/#breadcrumb\",\"itemListElement\":[{\"@type\":\"ListItem\",\"position\":1,\"name\":\"Home\",\"item\":\"https:\/\/drlawyer.com\/espanol\/\"},{\"@type\":\"ListItem\",\"position\":2,\"name\":\"Empleos\"}]}]}<\/script>\n<!-- \/ Yoast SEO plugin. -->","yoast_head_json":{"title":"Guzm\u00e1n Ariza | La Mejor Firma de Abogados en la Rep\u00fablica Dominicana","robots":{"index":"noindex","follow":"follow"},"og_locale":"es_ES","og_type":"article","og_title":"Guzm\u00e1n Ariza | La Mejor Firma de Abogados en la Rep\u00fablica Dominicana","og_description":"Nos enorgullece contar con un equipo de abogados altamente calificados, asistentes legales y personal de apoyo comprometidos con crecer profesionalmente. Somos una firma de abogados&hellip;","og_url":"https:\/\/drlawyer.com\/espanol\/empleo\/","og_site_name":"Guzm\u00e1n Ariza | La Mejor Firma de Abogados en la Rep\u00fablica Dominicana","article_modified_time":"2022-03-10T16:12:34+00:00","schema":{"@context":"https:\/\/schema.org","@graph":[{"@type":"WebSite","@id":"https:\/\/drlawyer.com\/espanol\/#website","url":"https:\/\/drlawyer.com\/espanol\/","name":"Guzm\u00e1n Ariza | La Mejor Firma de Abogados en la Rep\u00fablica Dominicana","description":"Guzm\u00e1n Ariza es una firma de abogados, reconocida internacionalmente, que provee asesoramiento de calidad en todas las \u00e1reas del derecho a clientes nacionales e internacionales en la Rep\u00fablica Dominicana.","potentialAction":[{"@type":"SearchAction","target":{"@type":"EntryPoint","urlTemplate":"https:\/\/drlawyer.com\/espanol\/?s={search_term_string}"},"query-input":"required name=search_term_string"}],"inLanguage":"es"},{"@type":"WebPage","@id":"https:\/\/drlawyer.com\/espanol\/empleo\/#webpage","url":"https:\/\/drlawyer.com\/espanol\/empleo\/","name":"Guzm\u00e1n Ariza | La Mejor Firma de Abogados en la Rep\u00fablica Dominicana","isPartOf":{"@id":"https:\/\/drlawyer.com\/espanol\/#website"},"datePublished":"2013-06-19T20:29:04+00:00","dateModified":"2022-03-10T16:12:34+00:00","breadcrumb":{"@id":"https:\/\/drlawyer.com\/espanol\/empleo\/#breadcrumb"},"inLanguage":"es","potentialAction":[{"@type":"ReadAction","target":["https:\/\/drlawyer.com\/espanol\/empleo\/"]}]},{"@type":"BreadcrumbList","@id":"https:\/\/drlawyer.com\/espanol\/empleo\/#breadcrumb","itemListElement":[{"@type":"ListItem","position":1,"name":"Home","item":"https:\/\/drlawyer.com\/espanol\/"},{"@type":"ListItem","position":2,"name":"Empleos"}]}]}},"_links":{"self":[{"href":"https:\/\/drlawyer.com\/espanol\/wp-json\/wp\/v2\/pages\/3780"}],"collection":[{"href":"https:\/\/drlawyer.com\/espanol\/wp-json\/wp\/v2\/pages"}],"about":[{"href":"https:\/\/drlawyer.com\/espanol\/wp-json\/wp\/v2\/types\/page"}],"author":[{"embeddable":true,"href":"https:\/\/drlawyer.com\/espanol\/wp-json\/wp\/v2\/users\/2"}],"replies":[{"embeddable":true,"href":"https:\/\/drlawyer.com\/espanol\/wp-json\/wp\/v2\/comments?post=3780"}],"version-history":[{"count":18,"href":"https:\/\/drlawyer.com\/espanol\/wp-json\/wp\/v2\/pages\/3780\/revisions"}],"predecessor-version":[{"id":14605,"href":"https:\/\/drlawyer.com\/espanol\/wp-json\/wp\/v2\/pages\/3780\/revisions\/14605"}],"wp:attachment":[{"href":"https:\/\/drlawyer.com\/espanol\/wp-json\/wp\/v2\/media?parent=3780"}],"curies":[{"name":"wp","href":"https:\/\/api.w.org\/{rel}","templated":true}]}}