{"id":3927,"date":"2014-10-28T20:19:22","date_gmt":"2014-10-28T20:19:22","guid":{"rendered":"https:\/\/drlawyer.com\/espanol\/prueba\/?page_id=3927"},"modified":"2024-09-04T19:39:42","modified_gmt":"2024-09-04T19:39:42","slug":"la-firma","status":"publish","type":"page","link":"https:\/\/drlawyer.com\/espanol\/la-firma\/","title":{"rendered":"La Firma"},"content":{"rendered":"<p>En Guzm\u00e1n Ariza conjugamos la experiencia con la innovaci\u00f3n. Nacimos en 1927, mucho antes que la gran mayor\u00eda de los dem\u00e1s bufetes dominicanos y, desde entonces, nos hemos mantenido a la vanguardia del ejercicio del derecho en la Rep\u00fablica Dominicana.<\/p>\n<p>Hoy por hoy, somos la primera y \u00fanica firma de abogados de la Rep\u00fablica Dominicana de alcance nacional, con 10 oficinas situadas estrat\u00e9gicamente en los m\u00e1s importantes centros de negocios y de turismo de la Rep\u00fablica Dominicana: Santo Domingo, B\u00e1varo-Punta Cana, La Romana, Casa de Campo, Sos\u00faa-Puerto Plata, Las Terrenas, Saman\u00e1, Cabrera<b><span lang=\"ES-DO\">, <\/span><\/b><span lang=\"ES-DO\">Cap Cana y Las Galeras<\/span><span lang=\"ES-DO\">.<\/span><\/p>\n<p>Somos el \u00fanico despacho de la Rep\u00fablica Dominicana con capacidad de servirle a nuestros clientes r\u00e1pida y efectivamente en todo el pa\u00eds. Nuestros abogados trabajan regularmente con las oficinas del gobierno local y los tribunales en cada ciudad o regi\u00f3n en particular y conocen cu\u00e1les son las oportunidades y dificultades que hay que tener en cuenta para ayudar a nuestros clientes a establecer su negocio con \u00e9xito o solucionar su problema.<\/p>\n<p>Con m\u00e1s de cincuenta profesionales en el despacho, en su mayor\u00eda multiling\u00fces y especializados en las m\u00e1s diversas ramas del derecho y del mundo de los negocios, Guzm\u00e1n Ariza ha logrado igualmente ser la firma de abogados m\u00e1s internacional de la Rep\u00fablica Dominicana \u2014somos capaces de comunicarnos con nuestra clientela en ocho idiomas: espa\u00f1ol, ingl\u00e9s, italiano, ruso, franc\u00e9s, alem\u00e1n, holand\u00e9s y criollo haitiano\u2014, y la de m\u00e1s amplio \u00e1mbito de ejercicio.<\/p>\n<p>En el \u00e1mbito internacional, somos miembros de importantes redes de firmas globales \u2014SCG Legal, GGI Geneva Group International, Legal Cross Border, Nextlaw Referral Network\u2014, lo que nos permite contar con el apoyo de firmas aliadas en todo el mundo y as\u00ed atender a nuestros clientes de manera efectiva en sus operaciones internacionales.<\/p>\n<p>Guzm\u00e1n Ariza cuenta con el aval de casi cien a\u00f1os de historia y de un cuerpo profesional de abogados altamente especializados y capacitados, as\u00ed como de una ampl\u00edsima red de despachos a escala mundial en beneficio de nuestros clientes.<\/p>\n","protected":false},"excerpt":{"rendered":"<p>En Guzm\u00e1n Ariza conjugamos la experiencia con la innovaci\u00f3n. Nacimos en 1927, mucho antes que la gran mayor\u00eda de los dem\u00e1s bufetes dominicanos y, desde&hellip;<\/p>\n","protected":false},"author":2,"featured_media":0,"parent":0,"menu_order":0,"comment_status":"open","ping_status":"closed","template":"","meta":[],"yoast_head":"<!-- This site is optimized with the Yoast SEO plugin v17.0 - https:\/\/yoast.com\/wordpress\/plugins\/seo\/ -->\n<title>Guzm\u00e1n Ariza | La Mejor Firma de Abogados en la Rep\u00fablica Dominicana<\/title>\n<meta name=\"robots\" content=\"noindex, follow\" \/>\n<meta property=\"og:locale\" content=\"es_ES\" \/>\n<meta property=\"og:type\" content=\"article\" \/>\n<meta property=\"og:title\" content=\"Guzm\u00e1n Ariza | La Mejor Firma de Abogados en la Rep\u00fablica Dominicana\" \/>\n<meta property=\"og:description\" content=\"En Guzm\u00e1n Ariza conjugamos la experiencia con la innovaci\u00f3n. Nacimos en 1927, mucho antes que la gran mayor\u00eda de los dem\u00e1s bufetes dominicanos y, desde&hellip;\" \/>\n<meta property=\"og:url\" content=\"https:\/\/drlawyer.com\/espanol\/la-firma\/\" \/>\n<meta property=\"og:site_name\" content=\"Guzm\u00e1n Ariza | La Mejor Firma de Abogados en la Rep\u00fablica Dominicana\" \/>\n<meta property=\"article:modified_time\" content=\"2024-09-04T19:39:42+00:00\" \/>\n<meta name=\"twitter:label1\" content=\"Tiempo de lectura\" \/>\n\t<meta name=\"twitter:data1\" content=\"2 minutos\" \/>\n<script type=\"application\/ld+json\" class=\"yoast-schema-graph\">{\"@context\":\"https:\/\/schema.org\",\"@graph\":[{\"@type\":\"WebSite\",\"@id\":\"https:\/\/drlawyer.com\/espanol\/#website\",\"url\":\"https:\/\/drlawyer.com\/espanol\/\",\"name\":\"Guzm\\u00e1n Ariza | La Mejor Firma de Abogados en la Rep\\u00fablica Dominicana\",\"description\":\"Guzm\\u00e1n Ariza es una firma de abogados, reconocida internacionalmente, que provee asesoramiento de calidad en todas las \\u00e1reas del derecho a clientes nacionales e internacionales en la Rep\\u00fablica Dominicana.\",\"potentialAction\":[{\"@type\":\"SearchAction\",\"target\":{\"@type\":\"EntryPoint\",\"urlTemplate\":\"https:\/\/drlawyer.com\/espanol\/?s={search_term_string}\"},\"query-input\":\"required name=search_term_string\"}],\"inLanguage\":\"es\"},{\"@type\":\"WebPage\",\"@id\":\"https:\/\/drlawyer.com\/espanol\/la-firma\/#webpage\",\"url\":\"https:\/\/drlawyer.com\/espanol\/la-firma\/\",\"name\":\"Guzm\\u00e1n Ariza | La Mejor Firma de Abogados en la Rep\\u00fablica Dominicana\",\"isPartOf\":{\"@id\":\"https:\/\/drlawyer.com\/espanol\/#website\"},\"datePublished\":\"2014-10-28T20:19:22+00:00\",\"dateModified\":\"2024-09-04T19:39:42+00:00\",\"breadcrumb\":{\"@id\":\"https:\/\/drlawyer.com\/espanol\/la-firma\/#breadcrumb\"},\"inLanguage\":\"es\",\"potentialAction\":[{\"@type\":\"ReadAction\",\"target\":[\"https:\/\/drlawyer.com\/espanol\/la-firma\/\"]}]},{\"@type\":\"BreadcrumbList\",\"@id\":\"https:\/\/drlawyer.com\/espanol\/la-firma\/#breadcrumb\",\"itemListElement\":[{\"@type\":\"ListItem\",\"position\":1,\"name\":\"Home\",\"item\":\"https:\/\/drlawyer.com\/espanol\/\"},{\"@type\":\"ListItem\",\"position\":2,\"name\":\"La Firma\"}]}]}<\/script>\n<!-- \/ Yoast SEO plugin. -->","yoast_head_json":{"title":"Guzm\u00e1n Ariza | La Mejor Firma de Abogados en la Rep\u00fablica Dominicana","robots":{"index":"noindex","follow":"follow"},"og_locale":"es_ES","og_type":"article","og_title":"Guzm\u00e1n Ariza | La Mejor Firma de Abogados en la Rep\u00fablica Dominicana","og_description":"En Guzm\u00e1n Ariza conjugamos la experiencia con la innovaci\u00f3n. Nacimos en 1927, mucho antes que la gran mayor\u00eda de los dem\u00e1s bufetes dominicanos y, desde&hellip;","og_url":"https:\/\/drlawyer.com\/espanol\/la-firma\/","og_site_name":"Guzm\u00e1n Ariza | La Mejor Firma de Abogados en la Rep\u00fablica Dominicana","article_modified_time":"2024-09-04T19:39:42+00:00","twitter_misc":{"Tiempo de lectura":"2 minutos"},"schema":{"@context":"https:\/\/schema.org","@graph":[{"@type":"WebSite","@id":"https:\/\/drlawyer.com\/espanol\/#website","url":"https:\/\/drlawyer.com\/espanol\/","name":"Guzm\u00e1n Ariza | La Mejor Firma de Abogados en la Rep\u00fablica Dominicana","description":"Guzm\u00e1n Ariza es una firma de abogados, reconocida internacionalmente, que provee asesoramiento de calidad en todas las \u00e1reas del derecho a clientes nacionales e internacionales en la Rep\u00fablica Dominicana.","potentialAction":[{"@type":"SearchAction","target":{"@type":"EntryPoint","urlTemplate":"https:\/\/drlawyer.com\/espanol\/?s={search_term_string}"},"query-input":"required name=search_term_string"}],"inLanguage":"es"},{"@type":"WebPage","@id":"https:\/\/drlawyer.com\/espanol\/la-firma\/#webpage","url":"https:\/\/drlawyer.com\/espanol\/la-firma\/","name":"Guzm\u00e1n Ariza | La Mejor Firma de Abogados en la Rep\u00fablica Dominicana","isPartOf":{"@id":"https:\/\/drlawyer.com\/espanol\/#website"},"datePublished":"2014-10-28T20:19:22+00:00","dateModified":"2024-09-04T19:39:42+00:00","breadcrumb":{"@id":"https:\/\/drlawyer.com\/espanol\/la-firma\/#breadcrumb"},"inLanguage":"es","potentialAction":[{"@type":"ReadAction","target":["https:\/\/drlawyer.com\/espanol\/la-firma\/"]}]},{"@type":"BreadcrumbList","@id":"https:\/\/drlawyer.com\/espanol\/la-firma\/#breadcrumb","itemListElement":[{"@type":"ListItem","position":1,"name":"Home","item":"https:\/\/drlawyer.com\/espanol\/"},{"@type":"ListItem","position":2,"name":"La Firma"}]}]}},"_links":{"self":[{"href":"https:\/\/drlawyer.com\/espanol\/wp-json\/wp\/v2\/pages\/3927"}],"collection":[{"href":"https:\/\/drlawyer.com\/espanol\/wp-json\/wp\/v2\/pages"}],"about":[{"href":"https:\/\/drlawyer.com\/espanol\/wp-json\/wp\/v2\/types\/page"}],"author":[{"embeddable":true,"href":"https:\/\/drlawyer.com\/espanol\/wp-json\/wp\/v2\/users\/2"}],"replies":[{"embeddable":true,"href":"https:\/\/drlawyer.com\/espanol\/wp-json\/wp\/v2\/comments?post=3927"}],"version-history":[{"count":67,"href":"https:\/\/drlawyer.com\/espanol\/wp-json\/wp\/v2\/pages\/3927\/revisions"}],"predecessor-version":[{"id":15311,"href":"https:\/\/drlawyer.com\/espanol\/wp-json\/wp\/v2\/pages\/3927\/revisions\/15311"}],"wp:attachment":[{"href":"https:\/\/drlawyer.com\/espanol\/wp-json\/wp\/v2\/media?parent=3927"}],"curies":[{"name":"wp","href":"https:\/\/api.w.org\/{rel}","templated":true}]}}